{"id":27,"date":"2023-03-19T15:56:50","date_gmt":"2023-03-19T14:56:50","guid":{"rendered":"http:\/\/xn--pfubtzgi-3za9o.ch\/?page_id=27"},"modified":"2023-03-19T15:56:50","modified_gmt":"2023-03-19T14:56:50","slug":"kontakt","status":"publish","type":"page","link":"https:\/\/xn--pfubtzgi-3za9o.ch\/index.php\/kontakt\/","title":{"rendered":"Kontakt"},"content":{"rendered":"\n<p>Formation \u00d6pfub\u00e4tzgi<br>Tobias B\u00e4ttig<br>Am Rain 8<br>6147 Altb\u00fcron<\/p>\n\n\n\n<p><a href=\"mailto:tobias.baettig@bluewin.ch\">tobias.baettig@bluewin.ch<\/a><\/p>\n","protected":false},"excerpt":{"rendered":"<p>Formation \u00d6pfub\u00e4tzgiTobias B\u00e4ttigAm Rain 86147 Altb\u00fcron tobias.baettig@bluewin.ch<\/p>\n","protected":false},"author":1,"featured_media":0,"parent":0,"menu_order":0,"comment_status":"closed","ping_status":"closed","template":"","meta":{"footnotes":""},"class_list":["post-27","page","type-page","status-publish","hentry"],"_links":{"self":[{"href":"https:\/\/xn--pfubtzgi-3za9o.ch\/index.php\/wp-json\/wp\/v2\/pages\/27","targetHints":{"allow":["GET"]}}],"collection":[{"href":"https:\/\/xn--pfubtzgi-3za9o.ch\/index.php\/wp-json\/wp\/v2\/pages"}],"about":[{"href":"https:\/\/xn--pfubtzgi-3za9o.ch\/index.php\/wp-json\/wp\/v2\/types\/page"}],"author":[{"embeddable":true,"href":"https:\/\/xn--pfubtzgi-3za9o.ch\/index.php\/wp-json\/wp\/v2\/users\/1"}],"replies":[{"embeddable":true,"href":"https:\/\/xn--pfubtzgi-3za9o.ch\/index.php\/wp-json\/wp\/v2\/comments?post=27"}],"version-history":[{"count":1,"href":"https:\/\/xn--pfubtzgi-3za9o.ch\/index.php\/wp-json\/wp\/v2\/pages\/27\/revisions"}],"predecessor-version":[{"id":28,"href":"https:\/\/xn--pfubtzgi-3za9o.ch\/index.php\/wp-json\/wp\/v2\/pages\/27\/revisions\/28"}],"wp:attachment":[{"href":"https:\/\/xn--pfubtzgi-3za9o.ch\/index.php\/wp-json\/wp\/v2\/media?parent=27"}],"curies":[{"name":"wp","href":"https:\/\/api.w.org\/{rel}","templated":true}]}}