{"id":25,"date":"2023-03-19T15:56:06","date_gmt":"2023-03-19T14:56:06","guid":{"rendered":"http:\/\/xn--pfubtzgi-3za9o.ch\/?page_id=25"},"modified":"2026-04-30T14:18:01","modified_gmt":"2026-04-30T13:18:01","slug":"auftritte","status":"publish","type":"page","link":"https:\/\/xn--pfubtzgi-3za9o.ch\/index.php\/auftritte\/","title":{"rendered":"Auftritte"},"content":{"rendered":"\n<p><\/p>\n\n\n\n<p><a href=\"https:\/\/www.raiffeisen.ch\/luzerner-landschaft-nordwest\/de\/ueber-uns\/ihre-bank-vor-ort.html\">Samstag 2. Mai 2026, Erlebnistage Raiffeisenbank Luzerner Landschaft Nordwest<\/a><br><a href=\"https:\/\/www.rusmu2026.ch\/\">Samstag 23. Mai 2026, Luzerner Kant. Schwingfest, Ruswil<\/a><br><a href=\"https:\/\/www.wiesnwanderung.ch\/\">Samstag 29. August 2026, Wiesenwanderung<\/a><br><a href=\"https:\/\/www.heidadorf.ch\/genuss\/wii-grill-faescht\">Samstag 5. September 2026, Jubil\u00e4umsreise Wii -und Grillfest<\/a><br><a href=\"https:\/\/www.tunnuschraenzer.ch\/\">Samstag 30. Januar 2027, Schr\u00e4nzerball, Altb\u00fcron<\/a><br><a href=\"https:\/\/www.biberegagser.ch\/\">Mittwoch 3. Februar 2027, Gagserball, Hasle<\/a><\/p>\n\n\n\n<p><\/p>\n\n\n\n<p><\/p>\n\n\n\n<p><\/p>\n\n\n\n<p>Vergangene Auftritte:<br>&#8211; Chalofeschr\u00e4nzer, Grosswangen<br>&#8211; Turnernight, Ufhusen<br>&#8211; PUB-Quiz, Altb\u00fcron<br>&#8211; Napfgoldwanderung, Hergiswil am Napf<br>&#8211; Kronenball, Luthern<br>&#8211; Gosler-Chorbball, Menznau<br>&#8211; Seeguslerball, Alpnach<br>&#8211; Gagserball, Hasle<br>&#8211; 24h-Rennen Sch\u00f6tz<br>&#8211; Musiktag Wolhusen<br>&#8211; Musiktag Ruswil<br>&#8211; Neuinstrumentierung Marbach<br>&#8211; St. Ottilien-Kilbi, Buttisholz<br>&#8211; Trebhusbar, Sch\u00f6tz<br>&#8211; Mega Party, Zell<br>&#8211; Carneval, Buttisholz<br>&#8211; St\u00e4dtlifasnacht, Willisau<br>&#8211; Tunnuschr\u00e4nzerball, Altb\u00fcron<br>&#8211; Schlossruugerball, Altishofen<br>&#8211; &#8230;.<\/p>\n","protected":false},"excerpt":{"rendered":"<p>Samstag 2. Mai 2026, Erlebnistage Raiffeisenbank Luzerner Landschaft NordwestSamstag 23. Mai 2026, Luzerner Kant. Schwingfest, RuswilSamstag 29. August 2026, WiesenwanderungSamstag 5. September 2026, Jubil\u00e4umsreise Wii -und GrillfestSamstag 30. Januar 2027, Schr\u00e4nzerball, Altb\u00fcronMittwoch 3. Februar 2027, Gagserball, Hasle Vergangene Auftritte:&#8211; Chalofeschr\u00e4nzer, Grosswangen&#8211; Turnernight, Ufhusen&#8211; PUB-Quiz, Altb\u00fcron&#8211; Napfgoldwanderung, Hergiswil am Napf&#8211; Kronenball, Luthern&#8211; Gosler-Chorbball, Menznau&#8211; Seeguslerball, Alpnach&#8211; [&hellip;]<\/p>\n","protected":false},"author":1,"featured_media":0,"parent":0,"menu_order":0,"comment_status":"closed","ping_status":"closed","template":"","meta":{"footnotes":""},"class_list":["post-25","page","type-page","status-publish","hentry"],"_links":{"self":[{"href":"https:\/\/xn--pfubtzgi-3za9o.ch\/index.php\/wp-json\/wp\/v2\/pages\/25","targetHints":{"allow":["GET"]}}],"collection":[{"href":"https:\/\/xn--pfubtzgi-3za9o.ch\/index.php\/wp-json\/wp\/v2\/pages"}],"about":[{"href":"https:\/\/xn--pfubtzgi-3za9o.ch\/index.php\/wp-json\/wp\/v2\/types\/page"}],"author":[{"embeddable":true,"href":"https:\/\/xn--pfubtzgi-3za9o.ch\/index.php\/wp-json\/wp\/v2\/users\/1"}],"replies":[{"embeddable":true,"href":"https:\/\/xn--pfubtzgi-3za9o.ch\/index.php\/wp-json\/wp\/v2\/comments?post=25"}],"version-history":[{"count":25,"href":"https:\/\/xn--pfubtzgi-3za9o.ch\/index.php\/wp-json\/wp\/v2\/pages\/25\/revisions"}],"predecessor-version":[{"id":128,"href":"https:\/\/xn--pfubtzgi-3za9o.ch\/index.php\/wp-json\/wp\/v2\/pages\/25\/revisions\/128"}],"wp:attachment":[{"href":"https:\/\/xn--pfubtzgi-3za9o.ch\/index.php\/wp-json\/wp\/v2\/media?parent=25"}],"curies":[{"name":"wp","href":"https:\/\/api.w.org\/{rel}","templated":true}]}}